{"id":2747,"date":"2016-07-20T20:07:32","date_gmt":"2016-07-20T18:07:32","guid":{"rendered":"https:\/\/neon-energie.de\/about\/"},"modified":"2026-04-17T11:01:34","modified_gmt":"2026-04-17T10:01:34","slug":"about","status":"publish","type":"page","link":"https:\/\/neon.energy\/en\/about\/","title":{"rendered":"About"},"content":{"rendered":"<h1>About<\/h1>\n<p>Neon Neue Energie\u00f6konomik GmbH<\/p>\n<p><a href=\"https:\/\/maps.app.goo.gl\/vRxM9zmstfmJZ8zL7\">Sch\u00f6nleinstra\u00dfe 31<\/a><br \/>\n<a href=\"https:\/\/maps.app.goo.gl\/vRxM9zmstfmJZ8zL7\">10967 Berlin<\/a><\/p>\n<p>&nbsp;<\/p>\n<p><a href=\"https:\/\/neon.energy\/\">www.neon.energy<\/a><\/p>\n<p>Director: Lion Hirth<br \/>\n<a href=\"mailto:hirth@neon.energy\">hirth[at]neon.energy<\/a><br \/>\n<a href=\"tel:+4915755199715\">+49 157-55 199 715<\/a><\/p>\n<p>Handelsregisternummer: Amtsgericht Charlottenburg \u2013\u00a0HRB 159715 B<br \/>\nVAT ID number:\u00a0DE296308921<br \/>\nSteuernummer: 37\/453\/51772<\/p>\n<h2>Copyright<\/h2>\n<p>The content of this website, including text and figures, is protected under copyright.<\/p>\n","protected":false},"excerpt":{"rendered":"<p>About Neon Neue Energie\u00f6konomik GmbH Sch\u00f6nleinstra\u00dfe 31 10967 Berlin &nbsp; www.neon.energy Director: Lion Hirth hirth[at]neon.energy +49 157-55 199 715 Handelsregisternummer: Amtsgericht Charlottenburg \u2013\u00a0HRB 159715 B VAT<span class=\"excerpt-hellip\"> [\u2026]<\/span><\/p>\n","protected":false},"author":3,"featured_media":0,"parent":0,"menu_order":0,"comment_status":"closed","ping_status":"closed","template":"","meta":{"inline_featured_image":false,"_exactmetrics_skip_tracking":false,"_exactmetrics_sitenote_active":false,"_exactmetrics_sitenote_note":"","_exactmetrics_sitenote_category":0,"_uf_show_specific_survey":0,"_uf_disable_surveys":false,"footnotes":""},"class_list":["post-2747","page","type-page","status-publish","hentry"],"aioseo_notices":[],"_links":{"self":[{"href":"https:\/\/neon.energy\/en\/wp-json\/wp\/v2\/pages\/2747","targetHints":{"allow":["GET"]}}],"collection":[{"href":"https:\/\/neon.energy\/en\/wp-json\/wp\/v2\/pages"}],"about":[{"href":"https:\/\/neon.energy\/en\/wp-json\/wp\/v2\/types\/page"}],"author":[{"embeddable":true,"href":"https:\/\/neon.energy\/en\/wp-json\/wp\/v2\/users\/3"}],"replies":[{"embeddable":true,"href":"https:\/\/neon.energy\/en\/wp-json\/wp\/v2\/comments?post=2747"}],"version-history":[{"count":10,"href":"https:\/\/neon.energy\/en\/wp-json\/wp\/v2\/pages\/2747\/revisions"}],"predecessor-version":[{"id":5783,"href":"https:\/\/neon.energy\/en\/wp-json\/wp\/v2\/pages\/2747\/revisions\/5783"}],"wp:attachment":[{"href":"https:\/\/neon.energy\/en\/wp-json\/wp\/v2\/media?parent=2747"}],"curies":[{"name":"wp","href":"https:\/\/api.w.org\/{rel}","templated":true}]}}